{"id":9092,"date":"2022-07-18T13:21:48","date_gmt":"2022-07-18T13:21:48","guid":{"rendered":"https:\/\/bus.atlantidasubmarine.com\/stornierungsbedingungen\/"},"modified":"2022-10-20T15:59:51","modified_gmt":"2022-10-20T15:59:51","slug":"stornierungsbedingungen","status":"publish","type":"page","link":"https:\/\/bus.atlantidasubmarine.com\/de\/stornierungsbedingungen\/","title":{"rendered":"Stornierungsbedingungen"},"content":{"rendered":"[vc_row type=&#8221;in_container&#8221; full_screen_row_position=&#8221;middle&#8221; equal_height=&#8221;yes&#8221; column_margin=&#8221;20px&#8221; mouse_based_parallax_bg=&#8221;true&#8221; scene_position=&#8221;center&#8221; text_color=&#8221;dark&#8221; text_align=&#8221;left&#8221; overlay_strength=&#8221;0.3&#8243; shape_divider_position=&#8221;bottom&#8221; bg_image_animation=&#8221;none&#8221; shape_type=&#8221;&#8221;][vc_column column_padding=&#8221;padding-3-percent&#8221; column_padding_position=&#8221;all&#8221; background_color=&#8221;#ffffff&#8221; background_color_opacity=&#8221;1&#8243; background_hover_color_opacity=&#8221;1&#8243; column_link_target=&#8221;_self&#8221; column_shadow=&#8221;none&#8221; column_border_radius=&#8221;none&#8221; width=&#8221;1\/2&#8243; tablet_width_inherit=&#8221;default&#8221; tablet_text_alignment=&#8221;default&#8221; phone_text_alignment=&#8221;default&#8221; overlay_strength=&#8221;0.3&#8243; column_border_width=&#8221;none&#8221; column_border_style=&#8221;solid&#8221; bg_image_animation=&#8221;none&#8221;][vc_custom_heading text=&#8221;Stornierungsbedingungen&#8221; font_container=&#8221;tag:h1|text_align:left|color:%233b57a5&#8243; use_theme_fonts=&#8221;yes&#8221; css=&#8221;.vc_custom_1620205841988{margin-top: -15px !important;}&#8221;][vc_column_text css=&#8221;.vc_custom_1666281586209{margin-top: 30px !important;margin-bottom: 30px !important;}&#8221;]\n<div class=\"wpb_text_column wpb_content_element vc_custom_1593604712877\">\n<div class=\"wpb_wrapper\">\n<p class=\"p1\">Die Stornierung ist 100% kostenlos wenn sie 48h im Voraus stattfindet. In allen anderen F\u00e4llen wird der bezahlte Betrag nicht r\u00fcckerstattet.<\/p>\n<p class=\"p1\">Im Falle einer Stornierung oder \u00c4nderung aufgrund unvorhergesehener Ereignisse durch Atl\u00e1ntida Submarine S.L. kann der Kunde eine neue Reservierung je nach Verf\u00fcgbarkeit oder die R\u00fcckerstattung des bezahlten Betrages in der gleichen Zahlungsform beantragen.<\/p>\n<p class=\"p1\">Die Passagiere m\u00fcssen sich rechtzeitig vor der gebuchten Tauchzeit im Einstiegsbereich einfinden.<\/p>\n<p class=\"p2\">Um eine Buchung zu stornieren oder zu \u00e4ndern:<\/p>\n<\/div>\n<\/div>\n[\/vc_column_text][divider line_type=&#8221;No Line&#8221; custom_height=&#8221;20&#8243;][vc_custom_heading text=&#8221;web@bus.atlantidasubmarine.com&#8221; font_container=&#8221;tag:h4|text_align:left|color:%23000000&#8243; use_theme_fonts=&#8221;yes&#8221; css=&#8221;.vc_custom_1659404865589{margin-top: -15px !important;}&#8221;][vc_custom_heading text=&#8221;+34 928 565 108&#8243; font_container=&#8221;tag:h4|text_align:left|color:%23000000&#8243; use_theme_fonts=&#8221;yes&#8221; css=&#8221;.vc_custom_1659404874505{margin-top: -15px !important;}&#8221;][vc_column_text css=&#8221;.vc_custom_1650444426949{margin-top: 0px !important;margin-bottom: 30px !important;}&#8221;]\n<div class=\"wpb_text_column wpb_content_element vc_custom_1593604712877\">\n<div class=\"wpb_wrapper\">\n<p class=\"p1\">Montag bis Freitag von 09.00 bis 18.00 Uhr \/ Samstag und Sonntag von 10.00 bis 16.00 Uhr. GMT<\/p>\n<\/div>\n<\/div>\n[\/vc_column_text][\/vc_column][vc_column column_padding=&#8221;no-extra-padding&#8221; column_padding_position=&#8221;all&#8221; background_color_opacity=&#8221;1&#8243; background_hover_color_opacity=&#8221;1&#8243; background_image=&#8221;7037&#8243; enable_bg_scale=&#8221;true&#8221; column_link_target=&#8221;_self&#8221; column_shadow=&#8221;none&#8221; column_border_radius=&#8221;none&#8221; width=&#8221;1\/2&#8243; tablet_width_inherit=&#8221;default&#8221; tablet_text_alignment=&#8221;default&#8221; phone_text_alignment=&#8221;default&#8221; overlay_strength=&#8221;0.3&#8243; column_border_width=&#8221;none&#8221; column_border_style=&#8221;solid&#8221; bg_image_animation=&#8221;none&#8221;][\/vc_column][\/vc_row][vc_row type=&#8221;full_width_content&#8221; full_screen_row_position=&#8221;middle&#8221; column_margin=&#8221;default&#8221; bg_color=&#8221;#f7f7f7&#8243; scene_position=&#8221;center&#8221; text_color=&#8221;dark&#8221; text_align=&#8221;left&#8221; disable_element=&#8221;yes&#8221; overlay_strength=&#8221;0.3&#8243; shape_divider_position=&#8221;bottom&#8221; bg_image_animation=&#8221;none&#8221; shape_type=&#8221;&#8221;][vc_column column_padding=&#8221;padding-1-percent&#8221; column_padding_position=&#8221;all&#8221; background_color_opacity=&#8221;1&#8243; background_hover_color_opacity=&#8221;1&#8243; column_link_target=&#8221;_self&#8221; column_shadow=&#8221;none&#8221; column_border_radius=&#8221;none&#8221; width=&#8221;1\/1&#8243; tablet_width_inherit=&#8221;default&#8221; tablet_text_alignment=&#8221;default&#8221; phone_text_alignment=&#8221;default&#8221; overlay_strength=&#8221;0.3&#8243; column_border_width=&#8221;none&#8221; column_border_style=&#8221;solid&#8221; bg_image_animation=&#8221;none&#8221;][vc_row_inner column_margin=&#8221;default&#8221; text_align=&#8221;left&#8221;][vc_column_inner column_padding=&#8221;padding-1-percent&#8221; column_padding_position=&#8221;all&#8221; background_color_opacity=&#8221;1&#8243; background_hover_color_opacity=&#8221;1&#8243; column_shadow=&#8221;none&#8221; column_border_radius=&#8221;none&#8221; column_link_target=&#8221;_self&#8221; width=&#8221;1\/2&#8243; tablet_width_inherit=&#8221;default&#8221; overlay_strength=&#8221;0.3&#8243; column_border_width=&#8221;none&#8221; column_border_style=&#8221;solid&#8221; bg_image_animation=&#8221;none&#8221;][fancy_box box_style=&#8221;default&#8221; icon_family=&#8221;none&#8221; link_new_tab=&#8221;true&#8221; color=&#8221;Accent-Color&#8221; border_radius=&#8221;default&#8221; image_loading=&#8221;default&#8221; min_height=&#8221;100&#8243; link_url=&#8221;https:\/\/www.google.com\/maps&#8221; link_text=&#8221;Wegbeschreibung&#8221;]\n<h3>San Francisco<\/h3>\n<p>123 Nectar St. Suite 4917<br \/>\nhello@themenectar.com[\/fancy_box][\/vc_column_inner][vc_column_inner column_padding=&#8221;padding-1-percent&#8221; column_padding_position=&#8221;all&#8221; background_color_opacity=&#8221;1&#8243; background_hover_color_opacity=&#8221;1&#8243; column_shadow=&#8221;none&#8221; column_border_radius=&#8221;none&#8221; column_link_target=&#8221;_self&#8221; width=&#8221;1\/2&#8243; tablet_width_inherit=&#8221;default&#8221; overlay_strength=&#8221;0.3&#8243; column_border_width=&#8221;none&#8221; column_border_style=&#8221;solid&#8221; bg_image_animation=&#8221;none&#8221;][fancy_box box_style=&#8221;default&#8221; icon_family=&#8221;none&#8221; image_url=&#8221;6135&#8243; link_new_tab=&#8221;true&#8221; color=&#8221;Extra-Color-1&#8243; border_radius=&#8221;default&#8221; image_loading=&#8221;default&#8221; min_height=&#8221;100&#8243; link_url=&#8221;https:\/\/www.google.com\/maps&#8221; link_text=&#8221;Wegbeschreibung&#8221;]\n<h3>British Columbia<\/h3>\n<p>58 Nectar Rd. Apt 2C<br \/>\nhello@themenectar.com[\/fancy_box][\/vc_column_inner][\/vc_row_inner][\/vc_column][\/vc_row]\n","protected":false},"excerpt":{"rendered":"<p>[vc_row type=&#8221;in_container&#8221; full_screen_row_position=&#8221;middle&#8221; equal_height=&#8221;yes&#8221; column_margin=&#8221;20px&#8221; mouse_based_parallax_bg=&#8221;true&#8221; scene_position=&#8221;center&#8221; text_color=&#8221;dark&#8221; text_align=&#8221;left&#8221; overlay_strength=&#8221;0.3&#8243; shape_divider_position=&#8221;bottom&#8221; bg_image_animation=&#8221;none&#8221; shape_type=&#8221;&#8221;][vc_column column_padding=&#8221;padding-3-percent&#8221; column_padding_position=&#8221;all&#8221; background_color=&#8221;#ffffff&#8221; background_color_opacity=&#8221;1&#8243; background_hover_color_opacity=&#8221;1&#8243; column_link_target=&#8221;_self&#8221; column_shadow=&#8221;none&#8221; column_border_radius=&#8221;none&#8221; width=&#8221;1\/2&#8243; tablet_width_inherit=&#8221;default&#8221; tablet_text_alignment=&#8221;default&#8221; phone_text_alignment=&#8221;default&#8221; overlay_strength=&#8221;0.3&#8243; column_border_width=&#8221;none&#8221; column_border_style=&#8221;solid&#8221; bg_image_animation=&#8221;none&#8221;][vc_custom_heading text=&#8221;Stornierungsbedingungen&#8221;&#8230;<\/p>\n","protected":false},"author":1,"featured_media":0,"parent":0,"menu_order":10,"comment_status":"closed","ping_status":"closed","template":"","meta":[],"_links":{"self":[{"href":"https:\/\/bus.atlantidasubmarine.com\/de\/wp-json\/wp\/v2\/pages\/9092"}],"collection":[{"href":"https:\/\/bus.atlantidasubmarine.com\/de\/wp-json\/wp\/v2\/pages"}],"about":[{"href":"https:\/\/bus.atlantidasubmarine.com\/de\/wp-json\/wp\/v2\/types\/page"}],"author":[{"embeddable":true,"href":"https:\/\/bus.atlantidasubmarine.com\/de\/wp-json\/wp\/v2\/users\/1"}],"replies":[{"embeddable":true,"href":"https:\/\/bus.atlantidasubmarine.com\/de\/wp-json\/wp\/v2\/comments?post=9092"}],"version-history":[{"count":7,"href":"https:\/\/bus.atlantidasubmarine.com\/de\/wp-json\/wp\/v2\/pages\/9092\/revisions"}],"predecessor-version":[{"id":9254,"href":"https:\/\/bus.atlantidasubmarine.com\/de\/wp-json\/wp\/v2\/pages\/9092\/revisions\/9254"}],"wp:attachment":[{"href":"https:\/\/bus.atlantidasubmarine.com\/de\/wp-json\/wp\/v2\/media?parent=9092"}],"curies":[{"name":"wp","href":"https:\/\/api.w.org\/{rel}","templated":true}]}}