{"id":8836,"date":"2022-07-07T16:43:22","date_gmt":"2022-07-07T16:43:22","guid":{"rendered":"https:\/\/bus.atlantidasubmarine.com\/arbeiten-sie-mit-uns\/"},"modified":"2022-08-02T06:41:21","modified_gmt":"2022-08-02T06:41:21","slug":"arbeiten-sie-mit-uns","status":"publish","type":"page","link":"https:\/\/bus.atlantidasubmarine.com\/de\/arbeiten-sie-mit-uns\/","title":{"rendered":"Arbeiten Sie mit uns"},"content":{"rendered":"[vc_row type=&#8221;in_container&#8221; full_screen_row_position=&#8221;middle&#8221; equal_height=&#8221;yes&#8221; column_margin=&#8221;20px&#8221; mouse_based_parallax_bg=&#8221;true&#8221; scene_position=&#8221;center&#8221; text_color=&#8221;dark&#8221; text_align=&#8221;left&#8221; overlay_strength=&#8221;0.3&#8243; shape_divider_position=&#8221;bottom&#8221; bg_image_animation=&#8221;none&#8221; shape_type=&#8221;&#8221;][vc_column column_padding=&#8221;padding-5-percent&#8221; column_padding_position=&#8221;all&#8221; background_color=&#8221;#ffffff&#8221; background_color_opacity=&#8221;1&#8243; background_hover_color_opacity=&#8221;1&#8243; column_link_target=&#8221;_self&#8221; column_shadow=&#8221;none&#8221; column_border_radius=&#8221;none&#8221; width=&#8221;1\/2&#8243; tablet_width_inherit=&#8221;default&#8221; tablet_text_alignment=&#8221;default&#8221; phone_text_alignment=&#8221;default&#8221; overlay_strength=&#8221;0.3&#8243; column_border_width=&#8221;none&#8221; column_border_style=&#8221;solid&#8221; bg_image_animation=&#8221;none&#8221;][vc_custom_heading text=&#8221;Arbeiten Sie mit uns&#8221; font_container=&#8221;tag:h1|text_align:left|color:%233b57a5&#8243; use_theme_fonts=&#8221;yes&#8221; css=&#8221;.vc_custom_1620204053379{margin-top: -15px !important;}&#8221;][vc_column_text css=&#8221;.vc_custom_1658146012275{margin-top: 30px !important;margin-bottom: 30px !important;}&#8221;]\n<div class=\"wpb_text_column wpb_content_element vc_custom_1593604712877\">\n<div class=\"wpb_wrapper\">\n<p>Wir sind ein leidenschaftliches Unternehmen, das Teil eines gro\u00dfartigen Projekts ist, das touristische U-Boot-Tauchg\u00e4nge mit mehr als zwei Jahrzehnten Erfahrung durchf\u00fchrt. Das erfordert qualifizierte Fachleute, die in der Lage sind, ein einzigartiges Erlebnis zu bieten.<\/p>\n<p><strong>Die Zufriedenheit unserer Kunden ist unser h\u00f6chstes Anliegen.<\/strong> Wir widmen uns mit Begeisterung diesem Kundenservice, mit der Berufung, weit \u00fcber die Details hinauszugehen.<\/p>\n<p>Wenn Sie Kundenservice m\u00f6gen oder zur Welt des Meeres geh\u00f6ren, freuen wir uns auf Ihre Bewerbung.<\/p><\/div>\n<\/div>\n[\/vc_column_text]\n<div class=\"wpcf7 no-js\" id=\"wpcf7-f9201-o1\" lang=\"de-DE\" dir=\"ltr\">\n<div class=\"screen-reader-response\"><p role=\"status\" aria-live=\"polite\" aria-atomic=\"true\"><\/p> <ul><\/ul><\/div>\n<form action=\"\/de\/wp-json\/wp\/v2\/pages\/8836#wpcf7-f9201-o1\" method=\"post\" class=\"wpcf7-form init wpcf7-acceptance-as-validation\" aria-label=\"Kontaktformular\" enctype=\"multipart\/form-data\" novalidate=\"novalidate\" data-status=\"init\">\n<div style=\"display: none;\">\n<input type=\"hidden\" name=\"_wpcf7\" value=\"9201\" \/>\n<input type=\"hidden\" name=\"_wpcf7_version\" value=\"5.7.6\" \/>\n<input type=\"hidden\" name=\"_wpcf7_locale\" value=\"de_DE\" \/>\n<input type=\"hidden\" name=\"_wpcf7_unit_tag\" value=\"wpcf7-f9201-o1\" \/>\n<input type=\"hidden\" name=\"_wpcf7_container_post\" value=\"0\" \/>\n<input type=\"hidden\" name=\"_wpcf7_posted_data_hash\" value=\"\" \/>\n<\/div>\n<p><label> Vor- und Nachname (*)<br \/>\n<span class=\"wpcf7-form-control-wrap\" data-name=\"your-name\"><input size=\"40\" class=\"wpcf7-form-control wpcf7-text wpcf7-validates-as-required\" aria-required=\"true\" aria-invalid=\"false\" value=\"\" type=\"text\" name=\"your-name\" \/><\/span> <\/label>\n<\/p>\n<p><label> Email (*)<br \/>\n<span class=\"wpcf7-form-control-wrap\" data-name=\"your-email\"><input size=\"40\" class=\"wpcf7-form-control wpcf7-text wpcf7-email wpcf7-validates-as-required wpcf7-validates-as-email\" aria-required=\"true\" aria-invalid=\"false\" value=\"\" type=\"email\" name=\"your-email\" \/><\/span> <\/label>\n<\/p>\n<p><label> CV (* PDF\/DOC Format) Keine Dokument im Anhang<br \/>\n<span class=\"wpcf7-form-control-wrap\" data-name=\"your-cv\"><input size=\"40\" class=\"wpcf7-form-control wpcf7-file\" accept=\".pdf,.doc\" aria-invalid=\"false\" type=\"file\" name=\"your-cv\" \/><\/span> <\/label>\n<\/p>\n<p><span class=\"wpcf7-form-control-wrap\" data-name=\"term_and_conditions\"><span class=\"wpcf7-form-control wpcf7-acceptance\"><span class=\"wpcf7-list-item\"><label><input type=\"checkbox\" name=\"term_and_conditions\" value=\"1\" class=\"required\" aria-invalid=\"false\" \/><span class=\"wpcf7-list-item-label\">Ich habe die <a href=\"https:\/\/bus.atlantidasubmarine.com\/politica-privacidad\/\"><u>Datenschutzerkl\u00e4rung<\/u><\/a> gelesen und akzeptiere sie<\/span><\/label><\/span><\/span><\/span>\n<\/p>\n<p><input class=\"wpcf7-form-control has-spinner wpcf7-submit\" type=\"submit\" value=\"Absenden\" \/>\n<\/p><input type=\"hidden\" id=\"ct_checkjs_cf7_7f39f8317fbdb1988ef4c628eba02591\" name=\"ct_checkjs_cf7\" value=\"0\" \/><script >setTimeout(function(){var ct_input_name = \"ct_checkjs_cf7_7f39f8317fbdb1988ef4c628eba02591\";if (document.getElementById(ct_input_name) !== null) {var ct_input_value = document.getElementById(ct_input_name).value;document.getElementById(ct_input_name).value = document.getElementById(ct_input_name).value.replace(ct_input_value, '1250561370');}}, 1000);<\/script><input \n        id=\"apbct__email_id__wp_contact_form_7_91864\" \n        class=\"apbct_special_field apbct__email_id__wp_contact_form_7\"\n        autocomplete=\"off\" \n        name=\"apbct__email_id__wp_contact_form_7_91864\"  \n        type=\"text\" \n        value=\"\" \n        size=\"30\" \n        maxlength=\"200\" \n    \/><input \n        id=\"apbct_event_id\"\n        class=\"apbct_special_field\"\n        name=\"apbct_event_id\"\n        type=\"hidden\" \n        value=\"91864\" \n            \/><div class=\"wpcf7-response-output\" aria-hidden=\"true\"><\/div>\n<\/form>\n<\/div>\n[\/vc_column][vc_column column_padding=&#8221;padding-17-percent&#8221; column_padding_position=&#8221;all&#8221; background_color_opacity=&#8221;1&#8243; background_hover_color_opacity=&#8221;1&#8243; background_image=&#8221;6921&#8243; enable_bg_scale=&#8221;true&#8221; column_link_target=&#8221;_self&#8221; column_shadow=&#8221;none&#8221; column_border_radius=&#8221;none&#8221; width=&#8221;1\/2&#8243; tablet_width_inherit=&#8221;default&#8221; tablet_text_alignment=&#8221;default&#8221; phone_text_alignment=&#8221;default&#8221; overlay_strength=&#8221;0.3&#8243; column_border_width=&#8221;none&#8221; column_border_style=&#8221;solid&#8221; bg_image_animation=&#8221;none&#8221; offset=&#8221;vc_col-xs-12&#8243;][\/vc_column][\/vc_row]\n","protected":false},"excerpt":{"rendered":"<p>[vc_row type=&#8221;in_container&#8221; full_screen_row_position=&#8221;middle&#8221; equal_height=&#8221;yes&#8221; column_margin=&#8221;20px&#8221; mouse_based_parallax_bg=&#8221;true&#8221; scene_position=&#8221;center&#8221; text_color=&#8221;dark&#8221; text_align=&#8221;left&#8221; overlay_strength=&#8221;0.3&#8243; shape_divider_position=&#8221;bottom&#8221; bg_image_animation=&#8221;none&#8221; shape_type=&#8221;&#8221;][vc_column column_padding=&#8221;padding-5-percent&#8221; column_padding_position=&#8221;all&#8221; background_color=&#8221;#ffffff&#8221; background_color_opacity=&#8221;1&#8243; background_hover_color_opacity=&#8221;1&#8243; column_link_target=&#8221;_self&#8221; column_shadow=&#8221;none&#8221; column_border_radius=&#8221;none&#8221; width=&#8221;1\/2&#8243; tablet_width_inherit=&#8221;default&#8221; tablet_text_alignment=&#8221;default&#8221; phone_text_alignment=&#8221;default&#8221; overlay_strength=&#8221;0.3&#8243; column_border_width=&#8221;none&#8221; column_border_style=&#8221;solid&#8221; bg_image_animation=&#8221;none&#8221;][vc_custom_heading text=&#8221;Arbeiten&#8230;<\/p>\n","protected":false},"author":1,"featured_media":0,"parent":0,"menu_order":0,"comment_status":"closed","ping_status":"closed","template":"","meta":[],"_links":{"self":[{"href":"https:\/\/bus.atlantidasubmarine.com\/de\/wp-json\/wp\/v2\/pages\/8836"}],"collection":[{"href":"https:\/\/bus.atlantidasubmarine.com\/de\/wp-json\/wp\/v2\/pages"}],"about":[{"href":"https:\/\/bus.atlantidasubmarine.com\/de\/wp-json\/wp\/v2\/types\/page"}],"author":[{"embeddable":true,"href":"https:\/\/bus.atlantidasubmarine.com\/de\/wp-json\/wp\/v2\/users\/1"}],"replies":[{"embeddable":true,"href":"https:\/\/bus.atlantidasubmarine.com\/de\/wp-json\/wp\/v2\/comments?post=8836"}],"version-history":[{"count":6,"href":"https:\/\/bus.atlantidasubmarine.com\/de\/wp-json\/wp\/v2\/pages\/8836\/revisions"}],"predecessor-version":[{"id":9205,"href":"https:\/\/bus.atlantidasubmarine.com\/de\/wp-json\/wp\/v2\/pages\/8836\/revisions\/9205"}],"wp:attachment":[{"href":"https:\/\/bus.atlantidasubmarine.com\/de\/wp-json\/wp\/v2\/media?parent=8836"}],"curies":[{"name":"wp","href":"https:\/\/api.w.org\/{rel}","templated":true}]}}