{"id":8699,"date":"2022-07-06T13:08:12","date_gmt":"2022-07-06T13:08:12","guid":{"rendered":"https:\/\/bus.atlantidasubmarine.com\/allgemeine-informationen-covid-19\/"},"modified":"2023-02-10T08:16:05","modified_gmt":"2023-02-10T08:16:05","slug":"allgemeine-informationen-covid-19","status":"publish","type":"page","link":"https:\/\/bus.atlantidasubmarine.com\/de\/allgemeine-informationen-covid-19\/","title":{"rendered":"Allgemeine Informationen COVID-19"},"content":{"rendered":"[vc_row type=&#8221;full_width_content&#8221; full_screen_row_position=&#8221;middle&#8221; equal_height=&#8221;yes&#8221; content_placement=&#8221;middle&#8221; column_margin=&#8221;default&#8221; full_height=&#8221;yes&#8221; columns_placement=&#8221;stretch&#8221; bg_color=&#8221;#232323&#8243; scene_position=&#8221;center&#8221; text_color=&#8221;dark&#8221; text_align=&#8221;left&#8221; overlay_strength=&#8221;0.3&#8243; shape_divider_position=&#8221;bottom&#8221; bg_image_animation=&#8221;none&#8221;][vc_column column_padding=&#8221;padding-10-percent&#8221; column_padding_position=&#8221;left-right&#8221; background_color=&#8221;#ffffff&#8221; background_color_opacity=&#8221;1&#8243; background_hover_color_opacity=&#8221;1&#8243; column_link_target=&#8221;_self&#8221; column_shadow=&#8221;none&#8221; column_border_radius=&#8221;none&#8221; top_margin=&#8221;0&#8243; width=&#8221;1\/2&#8243; tablet_width_inherit=&#8221;default&#8221; tablet_text_alignment=&#8221;default&#8221; phone_text_alignment=&#8221;default&#8221; overlay_strength=&#8221;0.3&#8243; column_border_width=&#8221;none&#8221; column_border_style=&#8221;solid&#8221; bg_image_animation=&#8221;none&#8221;][vc_custom_heading text=&#8221;Ihre Sicherheit,<br \/>\nunsere Priorit\u00e4t.&#8221; font_container=&#8221;tag:h2|font_size:40|text_align:left|line_height:50px&#8221; use_theme_fonts=&#8221;yes&#8221; css=&#8221;.vc_custom_1655526058511{margin-bottom: 30px !important;padding-top: 50px !important;}&#8221;][vc_column_text css=&#8221;.vc_custom_1655532087900{margin-top: 30px !important;margin-bottom: 30px !important;}&#8221;]\n<p class=\"p1\">Um das Infektionsrisiko durch COVID-19 zu minimieren, haben wir eine Reihe von Ma\u00dfnahmen und Verfahren etabliert, die von den zust\u00e4ndigen Beh\u00f6rden festgelegt werden, um eine m\u00f6gliche Ansteckung zu vermeiden.<\/p>\n[\/vc_column_text][divider line_type=&#8221;No Line&#8221; custom_height=&#8221;50&#8243;]<div class=\"iwithtext\"><div class=\"iwt-icon\"> <img src=\"https:\/\/bus.atlantidasubmarine.com\/wp-content\/uploads\/2022\/06\/covid-1.png\" alt=\"\" \/> <\/div><div class=\"iwt-text\"> Kommen Sie nicht zu uns, wenn Sie Fieber oder Symptome im Zusammenhang mit COVID-19 haben. <\/div><div class=\"clear\"><\/div><\/div><div class=\"iwithtext\"><div class=\"iwt-icon\"> <img src=\"https:\/\/bus.atlantidasubmarine.com\/wp-content\/uploads\/2022\/06\/enfermedad-cronica-1.png\" alt=\"\" \/> <\/div><div class=\"iwt-text\"> Nehmen Sie nicht am Tauchgang teil, wenn Sie an einer chronischen Krankheit leiden. <\/div><div class=\"clear\"><\/div><\/div><div class=\"iwithtext\"><div class=\"iwt-icon\"> <img src=\"https:\/\/bus.atlantidasubmarine.com\/wp-content\/uploads\/2022\/06\/higiene-manos.png\" alt=\"\" \/> <\/div><div class=\"iwt-text\"> Wir bitten Sie, die \u00fcblichen Hygienema\u00dfnahmen einzuhalten, um die Ausbreitung von Infektionen w\u00e4hrend Ihres Besuchs zu verhindern. Wir empfehlen das verantwortliche Targen einer Maske. <\/div><div class=\"clear\"><\/div><\/div><div class=\"iwithtext\"><div class=\"iwt-icon\"> <img src=\"https:\/\/bus.atlantidasubmarine.com\/wp-content\/uploads\/2022\/06\/filtro-HEPA.png\" alt=\"\" \/> <\/div><div class=\"iwt-text\"> Das U-Boot verf\u00fcgt \u00fcber HEPA-Filter, Spezialfilter, die die Reinheit der Luftpartikel mit einer garantierten Effizienz von mehr als 99,9% kontrollieren. <\/div><div class=\"clear\"><\/div><\/div><div class=\"iwithtext\"><div class=\"iwt-icon\"> <img src=\"https:\/\/bus.atlantidasubmarine.com\/wp-content\/uploads\/2022\/06\/colaboracion.png\" alt=\"\" \/> <\/div><div class=\"iwt-text\"> \n<p class=\"p4\">Wir bitten Sie, den Anweisungen unseres Personals Folge zu leisten.<\/p>\n <\/div><div class=\"clear\"><\/div><\/div><div class=\"iwithtext\"><div class=\"iwt-icon\"> <img src=\"https:\/\/bus.atlantidasubmarine.com\/wp-content\/uploads\/2022\/06\/compra-online.png\" alt=\"\" \/> <\/div><div class=\"iwt-text\"> \n<p class=\"p4\">Wir empfehlen, Tickets online zu kaufen, um pers\u00f6nlichen Kontakt zu vermeiden.<\/p>\n <\/div><div class=\"clear\"><\/div><\/div><div class=\"iwithtext\"><div class=\"iwt-icon\"> <img src=\"https:\/\/bus.atlantidasubmarine.com\/wp-content\/uploads\/2022\/06\/pago-tarjeta.png\" alt=\"\" \/> <\/div><div class=\"iwt-text\"> \n<p class=\"p4\">Beim Ticketkauf an unserem Info &amp; Ticket-Stand empfehlen wir mit Kreditkarte zu bezahlen, um Transaktionen mit Bargeld zu reduzieren.<\/p>\n <\/div><div class=\"clear\"><\/div><\/div><div class=\"iwithtext\"><div class=\"iwt-icon\"> <img src=\"https:\/\/bus.atlantidasubmarine.com\/wp-content\/uploads\/2022\/04\/Distancia-300x300.png\" alt=\"\" \/> <\/div><div class=\"iwt-text\"> Minderj\u00e4hrige m\u00fcssen von ihren Erziehungsberechtigten begleitet werden, um zu garantieren, dass der Abstand zu den anderen Personen eingehalten wird. <\/div><div class=\"clear\"><\/div><\/div>[divider line_type=&#8221;No Line&#8221; custom_height=&#8221;50&#8243;][\/vc_column][vc_column column_padding=&#8221;no-extra-padding&#8221; column_padding_position=&#8221;all&#8221; background_color_opacity=&#8221;1&#8243; background_hover_color_opacity=&#8221;1&#8243; background_image=&#8221;7596&#8243; enable_bg_scale=&#8221;true&#8221; column_link_target=&#8221;_self&#8221; column_shadow=&#8221;none&#8221; column_border_radius=&#8221;none&#8221; width=&#8221;1\/2&#8243; tablet_width_inherit=&#8221;default&#8221; tablet_text_alignment=&#8221;default&#8221; phone_text_alignment=&#8221;default&#8221; overlay_strength=&#8221;0.3&#8243; column_border_width=&#8221;none&#8221; column_border_style=&#8221;solid&#8221; bg_image_animation=&#8221;none&#8221;][\/vc_column][\/vc_row]\n","protected":false},"excerpt":{"rendered":"<p>[vc_row type=&#8221;full_width_content&#8221; full_screen_row_position=&#8221;middle&#8221; equal_height=&#8221;yes&#8221; content_placement=&#8221;middle&#8221; column_margin=&#8221;default&#8221; full_height=&#8221;yes&#8221; columns_placement=&#8221;stretch&#8221; bg_color=&#8221;#232323&#8243; scene_position=&#8221;center&#8221; text_color=&#8221;dark&#8221; text_align=&#8221;left&#8221; overlay_strength=&#8221;0.3&#8243; shape_divider_position=&#8221;bottom&#8221; bg_image_animation=&#8221;none&#8221;][vc_column column_padding=&#8221;padding-10-percent&#8221; column_padding_position=&#8221;left-right&#8221; background_color=&#8221;#ffffff&#8221; background_color_opacity=&#8221;1&#8243; background_hover_color_opacity=&#8221;1&#8243; column_link_target=&#8221;_self&#8221; column_shadow=&#8221;none&#8221; column_border_radius=&#8221;none&#8221; top_margin=&#8221;0&#8243; width=&#8221;1\/2&#8243; tablet_width_inherit=&#8221;default&#8221; tablet_text_alignment=&#8221;default&#8221; phone_text_alignment=&#8221;default&#8221; overlay_strength=&#8221;0.3&#8243; column_border_width=&#8221;none&#8221;&#8230;<\/p>\n","protected":false},"author":1,"featured_media":0,"parent":0,"menu_order":0,"comment_status":"closed","ping_status":"closed","template":"","meta":[],"_links":{"self":[{"href":"https:\/\/bus.atlantidasubmarine.com\/de\/wp-json\/wp\/v2\/pages\/8699"}],"collection":[{"href":"https:\/\/bus.atlantidasubmarine.com\/de\/wp-json\/wp\/v2\/pages"}],"about":[{"href":"https:\/\/bus.atlantidasubmarine.com\/de\/wp-json\/wp\/v2\/types\/page"}],"author":[{"embeddable":true,"href":"https:\/\/bus.atlantidasubmarine.com\/de\/wp-json\/wp\/v2\/users\/1"}],"replies":[{"embeddable":true,"href":"https:\/\/bus.atlantidasubmarine.com\/de\/wp-json\/wp\/v2\/comments?post=8699"}],"version-history":[{"count":7,"href":"https:\/\/bus.atlantidasubmarine.com\/de\/wp-json\/wp\/v2\/pages\/8699\/revisions"}],"predecessor-version":[{"id":9281,"href":"https:\/\/bus.atlantidasubmarine.com\/de\/wp-json\/wp\/v2\/pages\/8699\/revisions\/9281"}],"wp:attachment":[{"href":"https:\/\/bus.atlantidasubmarine.com\/de\/wp-json\/wp\/v2\/media?parent=8699"}],"curies":[{"name":"wp","href":"https:\/\/api.w.org\/{rel}","templated":true}]}}